{"id":4726,"date":"2025-06-11T12:55:32","date_gmt":"2025-06-11T10:55:32","guid":{"rendered":"https:\/\/ftorrensroig.com\/?post_type=product&#038;p=4726"},"modified":"2025-06-12T09:28:22","modified_gmt":"2025-06-12T07:28:22","slug":"aguas-cristalinas","status":"publish","type":"product","link":"https:\/\/ftorrensroig.com\/cat\/product\/aguas-cristalinas\/","title":{"rendered":"Aguas cristalinas"},"content":{"rendered":"<p><span style=\"font-weight: 400;\">Medidas con marco: 28,5\/44<\/span><\/p>\n<p><span style=\"font-weight: 400;\">T\u00e9cnica: Acr\u00edlico sobre cart\u00f3n\u00a0<\/span><\/p>","protected":false},"excerpt":{"rendered":"<p>Medidas con marco: 28,5\/44 T\u00e9cnica: Acr\u00edlico sobre cart\u00f3n\u00a0<\/p>","protected":false},"featured_media":4748,"comment_status":"open","ping_status":"closed","template":"","meta":[],"product_brand":[],"product_cat":[22],"product_tag":[],"class_list":{"0":"post-4726","1":"product","2":"type-product","3":"status-publish","4":"has-post-thumbnail","6":"product_cat-marinas-de-llafranc","7":"tm-no-options","9":"first","10":"instock","11":"taxable","12":"shipping-taxable","13":"purchasable","14":"product-type-simple"},"_links":{"self":[{"href":"https:\/\/ftorrensroig.com\/cat\/wp-json\/wp\/v2\/product\/4726","targetHints":{"allow":["GET"]}}],"collection":[{"href":"https:\/\/ftorrensroig.com\/cat\/wp-json\/wp\/v2\/product"}],"about":[{"href":"https:\/\/ftorrensroig.com\/cat\/wp-json\/wp\/v2\/types\/product"}],"replies":[{"embeddable":true,"href":"https:\/\/ftorrensroig.com\/cat\/wp-json\/wp\/v2\/comments?post=4726"}],"version-history":[{"count":1,"href":"https:\/\/ftorrensroig.com\/cat\/wp-json\/wp\/v2\/product\/4726\/revisions"}],"predecessor-version":[{"id":4727,"href":"https:\/\/ftorrensroig.com\/cat\/wp-json\/wp\/v2\/product\/4726\/revisions\/4727"}],"wp:featuredmedia":[{"embeddable":true,"href":"https:\/\/ftorrensroig.com\/cat\/wp-json\/wp\/v2\/media\/4748"}],"wp:attachment":[{"href":"https:\/\/ftorrensroig.com\/cat\/wp-json\/wp\/v2\/media?parent=4726"}],"wp:term":[{"taxonomy":"product_brand","embeddable":true,"href":"https:\/\/ftorrensroig.com\/cat\/wp-json\/wp\/v2\/product_brand?post=4726"},{"taxonomy":"product_cat","embeddable":true,"href":"https:\/\/ftorrensroig.com\/cat\/wp-json\/wp\/v2\/product_cat?post=4726"},{"taxonomy":"product_tag","embeddable":true,"href":"https:\/\/ftorrensroig.com\/cat\/wp-json\/wp\/v2\/product_tag?post=4726"}],"curies":[{"name":"wp","href":"https:\/\/api.w.org\/{rel}","templated":true}]}}